{"id":1087,"date":"2024-10-05T19:22:37","date_gmt":"2024-10-05T19:22:37","guid":{"rendered":"https:\/\/favros.no\/?page_id=1087"},"modified":"2024-10-05T19:32:44","modified_gmt":"2024-10-05T19:32:44","slug":"sveising","status":"publish","type":"page","link":"https:\/\/favros.no\/en\/sveising\/","title":{"rendered":"Welding"},"content":{"rendered":"<p>Vi tilbyr vi sveising av aluminium, st\u00e5l og syrefast, tilpasset b\u00e5de industri- og privatprosjekter. Vi leverer h\u00f8y kvalitet p\u00e5 alle oppdrag, med fokus p\u00e5 n\u00f8yaktighet, holdbarhet og estetikk. Vi utf\u00f8rer alt fra sm\u00e5 reparasjoner til st\u00f8rre konstruksjoner.<\/p>\n\n\n\n<p><strong>Hvorfor velge oss?<\/strong><\/p>\n\n\n\n<ul class=\"wp-block-list\">\n<li>Lang erfaring med aluminium- og st\u00e5lsveising<\/li>\n\n\n\n<li>Spesialister p\u00e5 syrefaste materialer<\/li>\n\n\n\n<li>Fokus p\u00e5 h\u00f8y kvalitet og presisjon<\/li>\n\n\n\n<li>Fleksible og tilpassede l\u00f8sninger<\/li>\n<\/ul>\n\n\n\n<p>Kontakt oss i dag for \u00e5 l\u00e6re mer om v\u00e5re tjenester!<\/p>","protected":false},"excerpt":{"rendered":"<p>Vi tilbyr vi sveising av aluminium, st\u00e5l og syrefast, tilpasset b\u00e5de industri- og privatprosjekter. Vi &#8230; <a title=\"Welding\" class=\"read-more\" href=\"https:\/\/favros.no\/en\/sveising\/\" aria-label=\"Read more about Sveising\">Read more<\/a><\/p>","protected":false},"author":1,"featured_media":0,"parent":0,"menu_order":0,"comment_status":"closed","ping_status":"closed","template":"","meta":{"footnotes":""},"class_list":["post-1087","page","type-page","status-publish"],"aioseo_notices":[],"_links":{"self":[{"href":"https:\/\/favros.no\/en\/wp-json\/wp\/v2\/pages\/1087","targetHints":{"allow":["GET"]}}],"collection":[{"href":"https:\/\/favros.no\/en\/wp-json\/wp\/v2\/pages"}],"about":[{"href":"https:\/\/favros.no\/en\/wp-json\/wp\/v2\/types\/page"}],"author":[{"embeddable":true,"href":"https:\/\/favros.no\/en\/wp-json\/wp\/v2\/users\/1"}],"replies":[{"embeddable":true,"href":"https:\/\/favros.no\/en\/wp-json\/wp\/v2\/comments?post=1087"}],"version-history":[{"count":2,"href":"https:\/\/favros.no\/en\/wp-json\/wp\/v2\/pages\/1087\/revisions"}],"predecessor-version":[{"id":1090,"href":"https:\/\/favros.no\/en\/wp-json\/wp\/v2\/pages\/1087\/revisions\/1090"}],"wp:attachment":[{"href":"https:\/\/favros.no\/en\/wp-json\/wp\/v2\/media?parent=1087"}],"curies":[{"name":"wp","href":"https:\/\/api.w.org\/{rel}","templated":true}]}}